{"id":225,"date":"2018-11-19T07:29:56","date_gmt":"2018-11-19T07:29:56","guid":{"rendered":"https:\/\/seofy.wgl-demo.net\/?page_id=225"},"modified":"2020-09-10T18:06:12","modified_gmt":"2020-09-10T18:06:12","slug":"soluciones-it","status":"publish","type":"page","link":"https:\/\/informacioncreativa.com\/landing-soluciones-it\/","title":{"rendered":"Soluciones IT"},"content":{"rendered":"[vc_row css=&#8221;.vc_custom_1597075507822{margin-top: -40px !important;}&#8221;][vc_column][rev_slider_vc alias=&#8221;home-21&#8243;][\/vc_column][\/vc_row][vc_row][vc_column offset=&#8221;vc_col-lg-offset-2 vc_col-lg-8 vc_col-md-offset-1 vc_col-md-10&#8243;][wgl_spacing spacer_size=&#8221;53&#8243;][wgl_double_headings align=&#8221;center&#8221; title_color=&#8221;#252525&#8243; subtitle_color=&#8221;#1e73be&#8221; title=&#8221;\u00bfC\u00f3mo funciona?&#8221;][wgl_spacing spacer_size=&#8221;57&#8243;][\/vc_column][\/vc_row][vc_row][vc_column width=&#8221;1\/3&#8243;][wgl_spacing spacer_size=&#8221;13&#8243; responsive_tablet=&#8221;true&#8221; size_tablet=&#8221;0&#8243;][wgl_services_4 bg_type=&#8221;figure&#8221; icon_type=&#8221;font&#8221; icon_font_type=&#8221;type_fontawesome&#8221; icon_fontawesome=&#8221;fas fa-tasks&#8221; number_color=&#8221;#0a135e&#8221; title=&#8221;Ingresa los datos del Equipo o Servicio que buscas.&#8221; number=&#8221;01&#8243; custom_number_color=&#8221;true&#8221; custom_icon_color=&#8221;true&#8221;][\/vc_column][vc_column width=&#8221;1\/3&#8243;][wgl_services_4 icon_type=&#8221;font&#8221; icon_font_type=&#8221;type_fontawesome&#8221; icon_fontawesome=&#8221;far fa-building&#8221; number_color=&#8221;#0a135e&#8221; title=&#8221;Nosotros enviamos tu solicitud a los Proveedores que m\u00e1s se ajusten al perfil de lo que necesitas. Si o encontramos lo que nos solicitas te informamos.&#8221; number=&#8221;02&#8243; custom_number_color=&#8221;true&#8221; custom_icon_color=&#8221;true&#8221;][\/vc_column][vc_column width=&#8221;1\/3&#8243;][wgl_spacing spacer_size=&#8221;13&#8243; responsive_tablet=&#8221;true&#8221; size_tablet=&#8221;0&#8243;][wgl_services_4 icon_type=&#8221;font&#8221; icon_font_type=&#8221;type_fontawesome&#8221; icon_fontawesome=&#8221;far fa-envelope&#8221; number_color=&#8221;#0a135e&#8221; title=&#8221;Recibes informaci\u00f3n de los Productos y Servicios que est\u00e1s buscando, junto con datos de los respectivos Proveedores&#8221; number=&#8221;03&#8243; custom_number_color=&#8221;true&#8221; custom_icon_color=&#8221;true&#8221;][\/vc_column][\/vc_row][vc_row full_width=&#8221;stretch_row&#8221; css=&#8221;.vc_custom_1598374289864{padding-top: -85px !important;background-color: #ffffff !important;background-position: center !important;background-repeat: no-repeat !important;background-size: contain !important;}&#8221; add_extended=&#8221;true&#8221; values=&#8221;%5B%7B%22extended_animation%22%3A%22hexagons%22%2C%22figure_color%22%3A%22%23ffffff%22%2C%22drop_colors%22%3A%22one_color%22%2C%22part_color%22%3A%22%23f4f6fd%22%2C%22part_color_1%22%3A%22%23ff7e00%22%2C%22part_color_2%22%3A%22%233224e9%22%2C%22part_color_3%22%3A%22%2369e9f2%22%2C%22extended_animation_pos_vertical%22%3A%2250%22%2C%22extended_animation_pos_horizont%22%3A%2250%22%2C%22sphere_width%22%3A%22100%22%2C%22particles_number%22%3A%223%22%2C%22particles_size%22%3A%22110%22%2C%22particles_speed%22%3A%222%22%2C%22hover_anim%22%3A%22none%22%2C%22parallax_dir%22%3A%22vertical%22%2C%22parallax_factor%22%3A%220.3%22%2C%22particles_position_top%22%3A%220%22%2C%22particles_position_left%22%3A%220%22%2C%22particles_width%22%3A%22100%22%2C%22particles_height%22%3A%22100%22%7D%5D&#8221;][vc_column][vc_row_inner][vc_column_inner width=&#8221;5\/6&#8243; offset=&#8221;vc_col-lg-offset-3 vc_col-lg-6 vc_col-md-offset-2 vc_col-md-8 vc_col-sm-offset-1&#8243;][wgl_spacing spacer_size=&#8221;19&#8243;][wgl_spacing spacer_size=&#8221;19&#8243;][vc_column_text css_animation=&#8221;bounceInUp&#8221;]<img loading=\"lazy\" class=\"aligncenter wp-image-2133 size-full\" src=\"https:\/\/informacioncreativa.com\/landing-soluciones-it\/wp-content\/uploads\/2020\/09\/services2_bg_1-2.jpg\" alt=\"\" width=\"600\" height=\"431\" srcset=\"https:\/\/informacioncreativa.com\/landing-soluciones-it\/wp-content\/uploads\/2020\/09\/services2_bg_1-2.jpg 600w, https:\/\/informacioncreativa.com\/landing-soluciones-it\/wp-content\/uploads\/2020\/09\/services2_bg_1-2-300x216.jpg 300w\" sizes=\"(max-width: 600px) 100vw, 600px\" \/>[\/vc_column_text][\/vc_column_inner][\/vc_row_inner][vc_row_inner css=&#8221;.vc_custom_1597266720847{padding-bottom: -50px !important;}&#8221;][vc_column_inner offset=&#8221;vc_col-lg-offset-2 vc_col-lg-8 vc_col-md-offset-1 vc_col-md-10&#8243;][wgl_double_headings align=&#8221;center&#8221; title_color=&#8221;#252525&#8243; subtitle_color=&#8221;#1e73be&#8221; title=&#8221;\u00a1Aceleramos su proceso de B\u00fasqueda!&#8221; responsive_font=&#8221;true&#8221; font_size_mobile=&#8221;33&#8243;][wgl_spacing spacer_size=&#8221;19&#8243;][wgl_custom_text font_size=&#8221;18&#8243;]\n<p style=\"text-align: center;\">Contamos con m\u00e1s de 28 a\u00f1os de experiencia, ayudando a las m\u00e1s importantes empresas de Tecnolog\u00eda en Colombia e entrar en contacto directo con miles de profesionales que necesitan productos y servicios para hacer crecer sus empresas y negocios.<\/p>\n[\/wgl_custom_text][wgl_spacing spacer_size=&#8221;42&#8243;][\/vc_column_inner][\/vc_row_inner][wgl_divider height=&#8221;1&#8243; divider_color=&#8221;#dee1ed&#8221; divider_line_color=&#8221;#ff7d00&#8243;][wgl_spacing spacer_size=&#8221;40&#8243;][vc_row_inner css=&#8221;.vc_custom_1598566901086{padding-bottom: -50px !important;}&#8221;][vc_column_inner width=&#8221;1\/3&#8243;][wgl_counter counter_align=&#8221;center&#8221; icon_type=&#8221;none&#8221; count_title=&#8221;28 a\u00f1os de experiencia&#8221; add_counter_divider=&#8221;true&#8221; count_prefix=&#8221;+&#8221; count_value=&#8221;28&#8243;][\/vc_column_inner][vc_column_inner width=&#8221;1\/3&#8243;][wgl_counter counter_align=&#8221;center&#8221; icon_type=&#8221;none&#8221; count_title=&#8221;4932 SOLICITUDES ATENDIDAS EN 2019&#8243; add_counter_divider=&#8221;true&#8221; count_prefix=&#8221;+&#8221; count_value=&#8221;4932&#8243;][\/vc_column_inner][vc_column_inner width=&#8221;1\/3&#8243;][wgl_counter counter_align=&#8221;center&#8221; icon_type=&#8221;none&#8221; count_title=&#8221;\u00daNICO PORTAL ESPECIALIZADO DE INFRAESTRUCTURA IT&#8221; add_counter_divider=&#8221;true&#8221; count_value=&#8221;1&#8243;][\/vc_column_inner][\/vc_row_inner][\/vc_column][\/vc_row][vc_row full_width=&#8221;stretch_row_content_no_spaces&#8221; css=&#8221;.vc_custom_1599761152938{padding-bottom: 30px !important;background-color: #007aff !important;}&#8221;][vc_column width=&#8221;1\/4&#8243;][wgl_spacing spacer_size=&#8221;27px&#8221;][vc_column_text]<img loading=\"lazy\" class=\"aligncenter wp-image-2063\" src=\"https:\/\/informacioncreativa.com\/landing-soluciones-it\/wp-content\/uploads\/2020\/08\/ES-2018-1-300x118.png\" alt=\"\" width=\"250\" height=\"99\" srcset=\"https:\/\/informacioncreativa.com\/landing-soluciones-it\/wp-content\/uploads\/2020\/08\/ES-2018-1-300x118.png 300w, https:\/\/informacioncreativa.com\/landing-soluciones-it\/wp-content\/uploads\/2020\/08\/ES-2018-1.png 504w\" sizes=\"(max-width: 250px) 100vw, 250px\" \/>[\/vc_column_text][\/vc_column][vc_column width=&#8221;1\/4&#8243;][\/vc_column][vc_column width=&#8221;1\/4&#8243;][wgl_spacing spacer_size=&#8221;15&#8243;][vc_column_text]\n<h5><span style=\"color: #ffffff;\">Links de inter\u00e9s<\/span><\/h5>\n[\/vc_column_text][wgl_spacing spacer_size=&#8221;20&#8243;][wgl_custom_text font_size=&#8221;16&#8243;]<span style=\"color: #ffffff;\"><a href=\"https:\/\/www.catalogodesoftware.com\/politica-de-privacidad\" style=\"color: #ffffff;\" target=\"_blank\" rel=\"noopener noreferrer\">Pol\u00edtica de privacidad<\/a><\/span>[\/wgl_custom_text][\/vc_column][vc_column width=&#8221;1\/4&#8243;][wgl_spacing spacer_size=&#8221;15&#8243;][vc_column_text]\n<h5><span style=\"color: #ffffff;\">Contacto<\/span><\/h5>\n[\/vc_column_text][wgl_spacing spacer_size=&#8221;20&#8243;][wgl_custom_text font_size=&#8221;16&#8243;]<span style=\"color: #ffffff;\">servicioalcliente@infocrea.com<\/span><br \/>\n[\/wgl_custom_text][wgl_spacing spacer_size=&#8221;5&#8243;][wgl_custom_text font_size=&#8221;16&#8243;]<span style=\"color: #ffffff;\">+57 316 3455215<\/span>[\/wgl_custom_text][\/vc_column][\/vc_row]\n","protected":false},"excerpt":{"rendered":"<p>[vc_row css=&#8221;.vc_custom_1597075507822{margin-top: -40px !important;}&#8221;][vc_column][rev_slider_vc alias=&#8221;home-21&#8243;][\/vc_column][\/vc_row][vc_row][vc_column offset=&#8221;vc_col-lg-offset-2 vc_col-lg-8 vc_col-md-offset-1 vc_col-md-10&#8243;][wgl_spacing spacer_size=&#8221;53&#8243;][wgl_double_headings align=&#8221;center&#8221; title_color=&#8221;#252525&#8243; subtitle_color=&#8221;#1e73be&#8221; title=&#8221;\u00bfC\u00f3mo funciona?&#8221;][wgl_spacing spacer_size=&#8221;57&#8243;][\/vc_column][\/vc_row][vc_row][vc_column width=&#8221;1\/3&#8243;][wgl_spacing spacer_size=&#8221;13&#8243; responsive_tablet=&#8221;true&#8221; size_tablet=&#8221;0&#8243;][wgl_services_4 bg_type=&#8221;figure&#8221; icon_type=&#8221;font&#8221; icon_font_type=&#8221;type_fontawesome&#8221; icon_fontawesome=&#8221;fas fa-tasks&#8221; number_color=&#8221;#0a135e&#8221; title=&#8221;Ingresa los datos del Equipo o Servicio que buscas.&#8221; number=&#8221;01&#8243; custom_number_color=&#8221;true&#8221; custom_icon_color=&#8221;true&#8221;][\/vc_column][vc_column width=&#8221;1\/3&#8243;][wgl_services_4 icon_type=&#8221;font&#8221; icon_font_type=&#8221;type_fontawesome&#8221; icon_fontawesome=&#8221;far fa-building&#8221; number_color=&#8221;#0a135e&#8221; title=&#8221;Nosotros enviamos tu solicitud a los Proveedores que m\u00e1s se ajusten [&hellip;]<\/p>\n","protected":false},"author":1,"featured_media":0,"parent":0,"menu_order":0,"comment_status":"closed","ping_status":"closed","template":"","meta":[],"_links":{"self":[{"href":"https:\/\/informacioncreativa.com\/landing-soluciones-it\/index.php\/wp-json\/wp\/v2\/pages\/225"}],"collection":[{"href":"https:\/\/informacioncreativa.com\/landing-soluciones-it\/index.php\/wp-json\/wp\/v2\/pages"}],"about":[{"href":"https:\/\/informacioncreativa.com\/landing-soluciones-it\/index.php\/wp-json\/wp\/v2\/types\/page"}],"author":[{"embeddable":true,"href":"https:\/\/informacioncreativa.com\/landing-soluciones-it\/index.php\/wp-json\/wp\/v2\/users\/1"}],"replies":[{"embeddable":true,"href":"https:\/\/informacioncreativa.com\/landing-soluciones-it\/index.php\/wp-json\/wp\/v2\/comments?post=225"}],"version-history":[{"count":16,"href":"https:\/\/informacioncreativa.com\/landing-soluciones-it\/index.php\/wp-json\/wp\/v2\/pages\/225\/revisions"}],"predecessor-version":[{"id":2072,"href":"https:\/\/informacioncreativa.com\/landing-soluciones-it\/index.php\/wp-json\/wp\/v2\/pages\/225\/revisions\/2072"}],"wp:attachment":[{"href":"https:\/\/informacioncreativa.com\/landing-soluciones-it\/index.php\/wp-json\/wp\/v2\/media?parent=225"}],"curies":[{"name":"wp","href":"https:\/\/api.w.org\/{rel}","templated":true}]}}