{"id":28,"date":"2019-02-21T09:50:53","date_gmt":"2019-02-21T09:50:53","guid":{"rendered":"https:\/\/themes.muffingroup.com\/be\/company4\/?page_id=28"},"modified":"2019-09-11T19:20:49","modified_gmt":"2019-09-11T17:20:49","slug":"home","status":"publish","type":"page","link":"https:\/\/informacioncreativa.com\/aportes-en-linea\/","title":{"rendered":"Inicio"},"content":{"rendered":"","protected":false},"excerpt":{"rendered":"<p>Aportes en L\u00ednea es el operador de informaci\u00f3n l\u00edder en la liquidaci\u00f3n y pago de la seguridad social.<\/p>\n<p>En Aportes en L\u00ednea trabajamos para generar soluciones innovadoras y sostenibles que trascienden en la experiencia del cliente, apalancadas en tecnolog\u00eda, que transforman positivamente desde la seguridad social.<\/p>\n","protected":false},"author":1,"featured_media":66,"parent":0,"menu_order":0,"comment_status":"closed","ping_status":"closed","template":"","meta":{"footnotes":""},"_links":{"self":[{"href":"https:\/\/informacioncreativa.com\/aportes-en-linea\/index.php\/wp-json\/wp\/v2\/pages\/28"}],"collection":[{"href":"https:\/\/informacioncreativa.com\/aportes-en-linea\/index.php\/wp-json\/wp\/v2\/pages"}],"about":[{"href":"https:\/\/informacioncreativa.com\/aportes-en-linea\/index.php\/wp-json\/wp\/v2\/types\/page"}],"author":[{"embeddable":true,"href":"https:\/\/informacioncreativa.com\/aportes-en-linea\/index.php\/wp-json\/wp\/v2\/users\/1"}],"replies":[{"embeddable":true,"href":"https:\/\/informacioncreativa.com\/aportes-en-linea\/index.php\/wp-json\/wp\/v2\/comments?post=28"}],"version-history":[{"count":2,"href":"https:\/\/informacioncreativa.com\/aportes-en-linea\/index.php\/wp-json\/wp\/v2\/pages\/28\/revisions"}],"predecessor-version":[{"id":69,"href":"https:\/\/informacioncreativa.com\/aportes-en-linea\/index.php\/wp-json\/wp\/v2\/pages\/28\/revisions\/69"}],"wp:featuredmedia":[{"embeddable":true,"href":"https:\/\/informacioncreativa.com\/aportes-en-linea\/index.php\/wp-json\/wp\/v2\/media\/66"}],"wp:attachment":[{"href":"https:\/\/informacioncreativa.com\/aportes-en-linea\/index.php\/wp-json\/wp\/v2\/media?parent=28"}],"curies":[{"name":"wp","href":"https:\/\/api.w.org\/{rel}","templated":true}]}}